{"id":295,"date":"2025-12-07T15:46:11","date_gmt":"2025-12-07T13:46:11","guid":{"rendered":"https:\/\/www.dothouse.fi\/?page_id=295"},"modified":"2026-02-14T00:32:44","modified_gmt":"2026-02-13T22:32:44","slug":"yhteystiedot","status":"publish","type":"page","link":"https:\/\/www.dothouse.fi\/en\/yhteystiedot\/","title":{"rendered":"Contact"},"content":{"rendered":"<div class=\"wp-block-uagb-container uagb-block-hmliadum alignfull uagb-is-root-container\"><div class=\"uagb-container-inner-blocks-wrap\">\n<div class=\"wp-block-uagb-info-box uagb-block-vqxo9nnn uagb-infobox__content-wrap  uagb-infobox-icon-above-title uagb-infobox-image-valign-top\"><div class=\"uagb-ifb-content\"><div class=\"uagb-ifb-title-wrap\"><h1 class=\"uagb-ifb-title\">Contact us<\/h1><\/div><p class=\"uagb-ifb-desc\">You can contact us by phone, email, or via the contact form.<\/p><\/div><\/div>\n<\/div><\/div>\n\n\n\n<div class=\"wp-block-uagb-container parallax-kuva uagb-block-peilktmi alignfull uagb-is-root-container advgb-block-peilktmi\"><\/div>\n\n\n\n<div class=\"wp-block-uagb-container uagb-block-wdarsane alignfull uagb-is-root-container\"><div class=\"uagb-container-inner-blocks-wrap\">\n<div class=\"wp-block-uagb-container uagb-block-wfkp66f5\">\n<div class=\"wp-block-uagb-info-box uagb-block-c5doxavv uagb-infobox__content-wrap  uagb-infobox-icon-above-title uagb-infobox-image-valign-top\"><div class=\"uagb-ifb-content\"><div class=\"uagb-ifb-title-wrap\"><h2 class=\"uagb-ifb-title\">Contact<\/h2><\/div><p class=\"uagb-ifb-desc\">Below you can find our contact information. You can reach us quickly by phone. Feel free to get in touch, and let\u2019s start working together!<\/p><\/div><\/div>\n\n\n\n<div class=\"wp-block-uagb-info-box uagb-block-guqwmpdf uagb-infobox__content-wrap  uagb-infobox-icon-left-title uagb-infobox-left uagb-infobox-image-valign-top\"><div class=\"uagb-ifb-content\"><div class=\"uagb-ifb-left-title-image\"><div class=\"uagb-ifb-icon-wrap\"><svg xmlns=\"https:\/\/www.w3.org\/2000\/svg\" viewbox=\"0 0 384 512\"><path d=\"M168.3 499.2C116.1 435 0 279.4 0 192C0 85.96 85.96 0 192 0C298 0 384 85.96 384 192C384 279.4 267 435 215.7 499.2C203.4 514.5 180.6 514.5 168.3 499.2H168.3zM192 256C227.3 256 256 227.3 256 192C256 156.7 227.3 128 192 128C156.7 128 128 156.7 128 192C128 227.3 156.7 256 192 256z\"><\/path><\/svg><\/div><div class=\"uagb-ifb-title-wrap\"><p class=\"uagb-ifb-title\">Paalukalliontie 14, 43500 Karstula<\/p><\/div><\/div><\/div><\/div>\n\n\n\n<div class=\"wp-block-uagb-info-box uagb-block-a57abw06 uagb-infobox__content-wrap  uagb-infobox-icon-left-title uagb-infobox-left uagb-infobox-image-valign-top\"><div class=\"uagb-ifb-content\"><div class=\"uagb-ifb-left-title-image\"><div class=\"uagb-ifb-icon-wrap\"><svg xmlns=\"https:\/\/www.w3.org\/2000\/svg\" viewbox=\"0 0 512 512\"><path d=\"M511.2 387l-23.25 100.8c-3.266 14.25-15.79 24.22-30.46 24.22C205.2 512 0 306.8 0 54.5c0-14.66 9.969-27.2 24.22-30.45l100.8-23.25C139.7-2.602 154.7 5.018 160.8 18.92l46.52 108.5c5.438 12.78 1.77 27.67-8.98 36.45L144.5 207.1c33.98 69.22 90.26 125.5 159.5 159.5l44.08-53.8c8.688-10.78 23.69-14.51 36.47-8.975l108.5 46.51C506.1 357.2 514.6 372.4 511.2 387z\"><\/path><\/svg><\/div><div class=\"uagb-ifb-title-wrap\"><p class=\"uagb-ifb-title\">+358 44 404 4010<br><br>+358 44 976 6762<\/p><\/div><\/div><\/div><\/div>\n\n\n\n<div class=\"wp-block-uagb-info-box uagb-block-s1y0joiw uagb-infobox__content-wrap  uagb-infobox-icon-left-title uagb-infobox-left uagb-infobox-image-valign-top\"><div class=\"uagb-ifb-content\"><div class=\"uagb-ifb-left-title-image\"><div class=\"uagb-ifb-icon-wrap\"><svg xmlns=\"https:\/\/www.w3.org\/2000\/svg\" viewbox=\"0 0 512 512\"><path d=\"M464 64C490.5 64 512 85.49 512 112C512 127.1 504.9 141.3 492.8 150.4L275.2 313.6C263.8 322.1 248.2 322.1 236.8 313.6L19.2 150.4C7.113 141.3 0 127.1 0 112C0 85.49 21.49 64 48 64H464zM217.6 339.2C240.4 356.3 271.6 356.3 294.4 339.2L512 176V384C512 419.3 483.3 448 448 448H64C28.65 448 0 419.3 0 384V176L217.6 339.2z\"><\/path><\/svg><\/div><div class=\"uagb-ifb-title-wrap\"><p class=\"uagb-ifb-title\">sakari.kronqvist@dothouse.fi<br><br>julius.kronqvist@dothouse.fi<\/p><\/div><\/div><\/div><\/div>\n\n\n\t\t\t<div \n\t\t\tclass=\"wp-block-uagb-google-map uagb-google-map__wrap uagb-block-gb2dycx5\"\n\t\t\tstyle=\"\" >\n\t\t\t\t<embed\n\t\t\t\t\tclass=\"uagb-google-map__iframe\"\n\t\t\t\t\ttitle=\"Google Map for \"\n\t\t\t\t\tsrc=\"https:\/\/maps.google.com\/maps?q=Paalukalliontie&#038;z=12&#038;hl=en&#038;t=m&#038;output=embed&#038;iwloc=near\"\n\t\t\t\t\twidth=\"640\"\n\t\t\t\t\theight=\"400\"\n\t\t\t\t\tloading=\"lazy\"\n\t\t\t\t><\/embed>\n\t\t\t<\/div>\n\t\t\t<\/div>\n\n\n\n\n\n<div class=\"wp-block-uagb-container uagb-block-5rxpc30o advgb-block-5rxpc30o\">\n<div class=\"wp-block-uagb-info-box uagb-block-t08cl9sc uagb-infobox__content-wrap  uagb-infobox-icon-above-title uagb-infobox-image-valign-top\"><div class=\"uagb-ifb-content\"><div class=\"uagb-ifb-title-wrap\"><h3 class=\"uagb-ifb-title\">Contact form<\/h3><\/div><p class=\"uagb-ifb-desc\">Use the form to get in touch with us. We will get back to you within 24 hours. Thank you!<\/p><\/div><\/div>\n\n\n\n\n\n<div class=\"wp-block-uagb-forms uagb-forms__outer-wrap uagb-block-ainkpdfs uagb-forms__default-btn\"><form class=\"uagb-forms-main-form\" method=\"post\" autocomplete=\"on\" name=\"uagb-form-ainkpdfs\" action=\"\">\n<div class=\"wp-block-uagb-forms-name uagb-forms-name-wrap uagb-forms-field-set uagb-block-b8ujk4o3 uag-col-2\"><div class=\"uagb-forms-name-label required uagb-forms-input-label\" id=\"b8ujk4o3\">First name<\/div><input type=\"text\" placeholder=\"\" required class=\"uagb-forms-name-input uagb-forms-input\" name=\"b8ujk4o3\" autocomplete=\"given-name\"\/><\/div>\n\n\n\n<div class=\"wp-block-uagb-forms-name uagb-forms-name-wrap uagb-forms-field-set uagb-block-23rmpvv6 uag-col-2\"><div class=\"uagb-forms-name-label required uagb-forms-input-label\" id=\"23rmpvv6\">Last name<\/div><input type=\"text\" placeholder=\"\" required class=\"uagb-forms-name-input uagb-forms-input\" name=\"23rmpvv6\" autocomplete=\"family-name\"\/><\/div>\n\n\n\n<div class=\"wp-block-uagb-forms-email uagb-forms-email-wrap uagb-forms-field-set uagb-block-kpgyuwst\"><div class=\"uagb-forms-email-label required uagb-forms-input-label\" id=\"kpgyuwst\">Email<\/div><input type=\"email\" class=\"uagb-forms-email-input uagb-forms-input\" placeholder=\"\" required name=\"kpgyuwst\" autocomplete=\"email\"\/><\/div>\n\n\n\n<div class=\"wp-block-uagb-forms-textarea uagb-forms-textarea-wrap uagb-forms-field-set uagb-block-lptkuuoo\"><div class=\"uagb-forms-textarea-label required uagb-forms-input-label\" id=\"lptkuuoo\"> Message<\/div><textarea required class=\"uagb-forms-textarea-input uagb-forms-input\" rows=\"6\" placeholder=\"\" name=\"lptkuuoo\" autocomplete=\"off\"><\/textarea><\/div>\n<div class=\"uagb-forms-form-hidden-data\"><input type=\"hidden\" class=\"uagb_forms_form_label\" value=\"Spectra Form\"\/><input type=\"hidden\" class=\"uagb_forms_form_id\" value=\"uagb-form-ainkpdfs\"\/><\/div><div class=\"uagb-form-reacaptcha-error-ainkpdfs\"><\/div><div class=\"uagb-forms-main-submit-button-wrap wp-block-button\"><button class=\"uagb-forms-main-submit-button wp-block-button__link\"><div class=\"uagb-forms-main-submit-button-text\">Send<\/div><\/button><\/div><input type=\"hidden\" name=\"trp-form-language\" value=\"en\"\/><\/form><div class=\"uagb-forms-success-message-ainkpdfs uagb-forms-submit-message-hide\"><span>Kiitos yhteydenotostanne! Palaamme sinulle asiaan 24h sis\u00e4ll\u00e4.<\/span><\/div><div class=\"uagb-forms-failed-message-ainkpdfs uagb-forms-submit-message-hide\"><span>Viestin l\u00e4hett\u00e4minen ei jostain syyst\u00e4 onnistunut, kokeile my\u00f6hemmin uudelleen.<\/span><\/div><\/div>\n<\/div>\n<\/div><\/div>","protected":false},"excerpt":{"rendered":"","protected":false},"author":3,"featured_media":0,"parent":0,"menu_order":0,"comment_status":"closed","ping_status":"closed","template":"","meta":{"_uag_custom_page_level_css":"","advgb_blocks_editor_width":"","advgb_blocks_columns_visual_guide":"","site-sidebar-layout":"default","site-content-layout":"","ast-site-content-layout":"default","site-content-style":"default","site-sidebar-style":"default","ast-global-header-display":"","ast-banner-title-visibility":"","ast-main-header-display":"","ast-hfb-above-header-display":"","ast-hfb-below-header-display":"","ast-hfb-mobile-header-display":"","site-post-title":"disabled","ast-breadcrumbs-content":"","ast-featured-img":"","footer-sml-layout":"","ast-disable-related-posts":"","theme-transparent-header-meta":"","adv-header-id-meta":"","stick-header-meta":"","header-above-stick-meta":"","header-main-stick-meta":"","header-below-stick-meta":"","astra-migrate-meta-layouts":"set","ast-page-background-enabled":"default","ast-page-background-meta":{"desktop":{"background-color":"var(--ast-global-color-4)","background-image":"","background-repeat":"repeat","background-position":"center center","background-size":"auto","background-attachment":"scroll","background-type":"","background-media":"","overlay-type":"","overlay-color":"","overlay-gradient":""},"tablet":{"background-color":"","background-image":"","background-repeat":"repeat","background-position":"center center","background-size":"auto","background-attachment":"scroll","background-type":"","background-media":"","overlay-type":"","overlay-color":"","overlay-gradient":""},"mobile":{"background-color":"","background-image":"","background-repeat":"repeat","background-position":"center center","background-size":"auto","background-attachment":"scroll","background-type":"","background-media":"","overlay-type":"","overlay-color":"","overlay-gradient":""}},"ast-content-background-meta":{"desktop":{"background-color":"var(--ast-global-color-5)","background-image":"","background-repeat":"repeat","background-position":"center center","background-size":"auto","background-attachment":"scroll","background-type":"","background-media":"","overlay-type":"","overlay-color":"","overlay-gradient":""},"tablet":{"background-color":"var(--ast-global-color-5)","background-image":"","background-repeat":"repeat","background-position":"center center","background-size":"auto","background-attachment":"scroll","background-type":"","background-media":"","overlay-type":"","overlay-color":"","overlay-gradient":""},"mobile":{"background-color":"var(--ast-global-color-5)","background-image":"","background-repeat":"repeat","background-position":"center center","background-size":"auto","background-attachment":"scroll","background-type":"","background-media":"","overlay-type":"","overlay-color":"","overlay-gradient":""}},"footnotes":""},"class_list":["post-295","page","type-page","status-publish","hentry"],"yoast_head":"<!-- This site is optimized with the Yoast SEO plugin v27.4 - https:\/\/yoast.com\/product\/yoast-seo-wordpress\/ -->\n<title>Yhteystiedot - DotHouse Oy<\/title>\n<meta name=\"description\" content=\"Yhteystiedot l\u00f6yd\u00e4t t\u00e4lt\u00e4 sivulta. Voit ottaa meihin yhteytt\u00e4 s\u00e4hk\u00f6postilla, puhelimella tai yhteydenottolomakkeen kautta.\" \/>\n<meta name=\"robots\" content=\"index, follow, max-snippet:-1, max-image-preview:large, max-video-preview:-1\" \/>\n<link rel=\"canonical\" href=\"https:\/\/www.dothouse.fi\/en\/yhteystiedot\/\" \/>\n<meta property=\"og:locale\" content=\"en_GB\" \/>\n<meta property=\"og:type\" content=\"article\" \/>\n<meta property=\"og:title\" content=\"Yhteystiedot - DotHouse Oy\" \/>\n<meta property=\"og:description\" content=\"Yhteystiedot l\u00f6yd\u00e4t t\u00e4lt\u00e4 sivulta. Voit ottaa meihin yhteytt\u00e4 s\u00e4hk\u00f6postilla, puhelimella tai yhteydenottolomakkeen kautta.\" \/>\n<meta property=\"og:url\" content=\"https:\/\/www.dothouse.fi\/en\/yhteystiedot\/\" \/>\n<meta property=\"og:site_name\" content=\"DotHouse Oy\" \/>\n<meta property=\"article:modified_time\" content=\"2026-02-13T22:32:44+00:00\" \/>\n<meta name=\"twitter:card\" content=\"summary_large_image\" \/>\n<meta name=\"twitter:label1\" content=\"Estimated reading time\" \/>\n\t<meta name=\"twitter:data1\" content=\"1 minute\" \/>\n<script type=\"application\/ld+json\" class=\"yoast-schema-graph\">{\"@context\":\"https:\\\/\\\/schema.org\",\"@graph\":[{\"@type\":\"WebPage\",\"@id\":\"https:\\\/\\\/www.dothouse.fi\\\/yhteystiedot\\\/\",\"url\":\"https:\\\/\\\/www.dothouse.fi\\\/yhteystiedot\\\/\",\"name\":\"Yhteystiedot - DotHouse Oy\",\"isPartOf\":{\"@id\":\"https:\\\/\\\/www.dothouse.fi\\\/#website\"},\"datePublished\":\"2025-12-07T13:46:11+00:00\",\"dateModified\":\"2026-02-13T22:32:44+00:00\",\"description\":\"Yhteystiedot l\u00f6yd\u00e4t t\u00e4lt\u00e4 sivulta. Voit ottaa meihin yhteytt\u00e4 s\u00e4hk\u00f6postilla, puhelimella tai yhteydenottolomakkeen kautta.\",\"breadcrumb\":{\"@id\":\"https:\\\/\\\/www.dothouse.fi\\\/yhteystiedot\\\/#breadcrumb\"},\"inLanguage\":\"en-GB\",\"potentialAction\":[{\"@type\":\"ReadAction\",\"target\":[\"https:\\\/\\\/www.dothouse.fi\\\/yhteystiedot\\\/\"]}]},{\"@type\":\"BreadcrumbList\",\"@id\":\"https:\\\/\\\/www.dothouse.fi\\\/yhteystiedot\\\/#breadcrumb\",\"itemListElement\":[{\"@type\":\"ListItem\",\"position\":1,\"name\":\"Etusivu\",\"item\":\"https:\\\/\\\/www.dothouse.fi\\\/\"},{\"@type\":\"ListItem\",\"position\":2,\"name\":\"Yhteystiedot\"}]},{\"@type\":\"WebSite\",\"@id\":\"https:\\\/\\\/www.dothouse.fi\\\/#website\",\"url\":\"https:\\\/\\\/www.dothouse.fi\\\/\",\"name\":\"DotHouse Oy\",\"description\":\"\",\"potentialAction\":[{\"@type\":\"SearchAction\",\"target\":{\"@type\":\"EntryPoint\",\"urlTemplate\":\"https:\\\/\\\/www.dothouse.fi\\\/?s={search_term_string}\"},\"query-input\":{\"@type\":\"PropertyValueSpecification\",\"valueRequired\":true,\"valueName\":\"search_term_string\"}}],\"inLanguage\":\"en-GB\"}]}<\/script>\n<!-- \/ Yoast SEO plugin. -->","yoast_head_json":{"title":"Yhteystiedot - DotHouse Oy","description":"Yhteystiedot l\u00f6yd\u00e4t t\u00e4lt\u00e4 sivulta. Voit ottaa meihin yhteytt\u00e4 s\u00e4hk\u00f6postilla, puhelimella tai yhteydenottolomakkeen kautta.","robots":{"index":"index","follow":"follow","max-snippet":"max-snippet:-1","max-image-preview":"max-image-preview:large","max-video-preview":"max-video-preview:-1"},"canonical":"https:\/\/www.dothouse.fi\/en\/yhteystiedot\/","og_locale":"en_GB","og_type":"article","og_title":"Yhteystiedot - DotHouse Oy","og_description":"Yhteystiedot l\u00f6yd\u00e4t t\u00e4lt\u00e4 sivulta. Voit ottaa meihin yhteytt\u00e4 s\u00e4hk\u00f6postilla, puhelimella tai yhteydenottolomakkeen kautta.","og_url":"https:\/\/www.dothouse.fi\/en\/yhteystiedot\/","og_site_name":"DotHouse Oy","article_modified_time":"2026-02-13T22:32:44+00:00","twitter_card":"summary_large_image","twitter_misc":{"Estimated reading time":"1 minute"},"schema":{"@context":"https:\/\/schema.org","@graph":[{"@type":"WebPage","@id":"https:\/\/www.dothouse.fi\/yhteystiedot\/","url":"https:\/\/www.dothouse.fi\/yhteystiedot\/","name":"Yhteystiedot - DotHouse Oy","isPartOf":{"@id":"https:\/\/www.dothouse.fi\/#website"},"datePublished":"2025-12-07T13:46:11+00:00","dateModified":"2026-02-13T22:32:44+00:00","description":"Yhteystiedot l\u00f6yd\u00e4t t\u00e4lt\u00e4 sivulta. Voit ottaa meihin yhteytt\u00e4 s\u00e4hk\u00f6postilla, puhelimella tai yhteydenottolomakkeen kautta.","breadcrumb":{"@id":"https:\/\/www.dothouse.fi\/yhteystiedot\/#breadcrumb"},"inLanguage":"en-GB","potentialAction":[{"@type":"ReadAction","target":["https:\/\/www.dothouse.fi\/yhteystiedot\/"]}]},{"@type":"BreadcrumbList","@id":"https:\/\/www.dothouse.fi\/yhteystiedot\/#breadcrumb","itemListElement":[{"@type":"ListItem","position":1,"name":"Etusivu","item":"https:\/\/www.dothouse.fi\/"},{"@type":"ListItem","position":2,"name":"Yhteystiedot"}]},{"@type":"WebSite","@id":"https:\/\/www.dothouse.fi\/#website","url":"https:\/\/www.dothouse.fi\/","name":"DotHouse Oy","description":"","potentialAction":[{"@type":"SearchAction","target":{"@type":"EntryPoint","urlTemplate":"https:\/\/www.dothouse.fi\/?s={search_term_string}"},"query-input":{"@type":"PropertyValueSpecification","valueRequired":true,"valueName":"search_term_string"}}],"inLanguage":"en-GB"}]}},"uagb_featured_image_src":{"full":false,"thumbnail":false,"medium":false,"medium_large":false,"large":false,"1536x1536":false,"2048x2048":false,"trp-custom-language-flag":false},"uagb_author_info":{"display_name":"sakari","author_link":"https:\/\/www.dothouse.fi\/en\/author\/sakari\/"},"uagb_comment_info":0,"uagb_excerpt":null,"coauthors":[],"author_meta":{"author_link":"https:\/\/www.dothouse.fi\/en\/author\/sakari\/","display_name":"sakari"},"relative_dates":{"created":"Posted 4 months ago","modified":"Updated 2 months ago"},"absolute_dates":{"created":"Posted on 7.12.2025","modified":"Updated on 14.2.2026"},"absolute_dates_time":{"created":"Posted on 7.12.2025 15:46","modified":"Updated on 14.2.2026 00:32"},"featured_img_caption":"","featured_img":false,"series_order":"","_links":{"self":[{"href":"https:\/\/www.dothouse.fi\/en\/wp-json\/wp\/v2\/pages\/295","targetHints":{"allow":["GET"]}}],"collection":[{"href":"https:\/\/www.dothouse.fi\/en\/wp-json\/wp\/v2\/pages"}],"about":[{"href":"https:\/\/www.dothouse.fi\/en\/wp-json\/wp\/v2\/types\/page"}],"author":[{"embeddable":true,"href":"https:\/\/www.dothouse.fi\/en\/wp-json\/wp\/v2\/users\/3"}],"replies":[{"embeddable":true,"href":"https:\/\/www.dothouse.fi\/en\/wp-json\/wp\/v2\/comments?post=295"}],"version-history":[{"count":40,"href":"https:\/\/www.dothouse.fi\/en\/wp-json\/wp\/v2\/pages\/295\/revisions"}],"predecessor-version":[{"id":472,"href":"https:\/\/www.dothouse.fi\/en\/wp-json\/wp\/v2\/pages\/295\/revisions\/472"}],"wp:attachment":[{"href":"https:\/\/www.dothouse.fi\/en\/wp-json\/wp\/v2\/media?parent=295"}],"curies":[{"name":"wp","href":"https:\/\/api.w.org\/{rel}","templated":true}]}}