{"id":501,"date":"2026-02-16T12:23:49","date_gmt":"2026-02-16T10:23:49","guid":{"rendered":"https:\/\/www.dothouse.fi\/?page_id=501"},"modified":"2026-02-16T12:37:48","modified_gmt":"2026-02-16T10:37:48","slug":"tietosuojaseloste","status":"publish","type":"page","link":"https:\/\/www.dothouse.fi\/en\/tietosuojaseloste\/","title":{"rendered":"Privacy policy"},"content":{"rendered":"<div style=\"height:100px\" aria-hidden=\"true\" class=\"wp-block-spacer\"><\/div>\n\n\n\n<h2 class=\"wp-block-heading has-text-align-center has-text-color has-link-color has-x-large-font-size wp-elements-e4632a429daf11a6a8cd509f294a125a\" style=\"color:#e3c46f\">Privacy policy<\/h2>\n\n\n\n<div style=\"height:40px\" aria-hidden=\"true\" class=\"wp-block-spacer\"><\/div>\n\n\n\n<h2 class=\"wp-block-heading has-text-color has-link-color wp-elements-d4c6ca0a77878ba6b2d0775e516dced7\" style=\"color:#e3c46f\">Data controller<\/h2>\n\n\n\n<ul style=\"font-size:16px\" class=\"wp-block-list has-white-color has-text-color has-link-color wp-elements-95293fa61a058027aa904ee7397408e0\">\n<li>Company: DotHouse Oy<\/li>\n\n\n\n<li>Business ID: 2600054-3<\/li>\n\n\n\n<li>Address: Paalukalliontie 14<\/li>\n\n\n\n<li>Email: sakari.kronqvist@dothouse.fi<\/li>\n\n\n\n<li>Tel: 0444044010<\/li>\n\n\n\n<li>Data Protection Officer: Sakari Kronqvist<\/li>\n\n\n\n<li>Name of the register: Dothouse Oy customer and marketing register.<\/li>\n<\/ul>\n\n\n\n<div style=\"height:40px\" aria-hidden=\"true\" class=\"wp-block-spacer\"><\/div>\n\n\n\n<h2 class=\"wp-block-heading has-text-color has-link-color wp-elements-115e707a939dd20c439f58e40f97ed47\" style=\"color:#e3c46f\">What personal data do we collect and for what purposes?<\/h2>\n\n\n\n<p class=\"has-ast-global-color-5-color has-text-color has-link-color wp-elements-e3f1caa22eaf8eb7630a050b643bec45\" style=\"font-size:16px\">We collect data solely through the contact form. Through the contact form, we receive your name, email address, and, where applicable, the name of your company.\n\nWe process personal data for the purposes of managing customer relationships and providing customer service.<\/p>\n\n\n\n<div style=\"height:40px\" aria-hidden=\"true\" class=\"wp-block-spacer\"><\/div>\n\n\n\n<h2 class=\"wp-block-heading has-text-color has-link-color wp-elements-94dfa783674cc545c30f966d00ef8f75\" style=\"color:#e3c46f\">Contact form<\/h2>\n\n\n\n<p class=\"has-white-color has-text-color has-link-color wp-elements-9e57b6d3c6048c19eff1ec6799bf6997\" style=\"font-size:16px\">Through the contact form, we collect the person\u2019s first name, last name, email address, and, if applicable, the name of their company.<\/p>\n\n\n\n<div style=\"height:40px\" aria-hidden=\"true\" class=\"wp-block-spacer\"><\/div>\n\n\n\n<h2 class=\"wp-block-heading has-text-color has-link-color wp-elements-3e4e1c8718f57d5d78488eed9e2a860b\" style=\"color:#e3c46f\">Regular sources of data<\/h2>\n\n\n\n<p class=\"has-white-color has-text-color has-link-color wp-elements-a314dc4c88985b4fa3d0b1d095a5c9d8\" style=\"font-size:16px\">Data is obtained directly from the individual through the contact form.<\/p>\n\n\n\n<div style=\"height:40px\" aria-hidden=\"true\" class=\"wp-block-spacer\"><\/div>\n\n\n\n<h2 class=\"wp-block-heading has-text-color has-link-color wp-elements-a08f9bfadfb32faa088c15ee721d2378\" style=\"color:#e3c46f\">Regular Disclosure of Data and Transfer of Data Outside the EU or EEA<\/h2>\n\n\n\n<p class=\"has-white-color has-text-color has-link-color wp-elements-6803938a22ae54b8922507db8c79a3e0\" style=\"font-size:16px\">We do not disclose the information you provide to third parties; it remains within our company.<\/p>\n\n\n\n<div style=\"height:40px\" aria-hidden=\"true\" class=\"wp-block-spacer\"><\/div>\n\n\n\n<h2 class=\"wp-block-heading has-text-color has-link-color wp-elements-b1e4477036400202a1909b94d8250ef4\" style=\"color:#e3c46f\">Principles of Register Protection, Right of Access, and Right to Request Deletion or Correction of Data<\/h2>\n\n\n\n<p class=\"has-white-color has-text-color has-link-color wp-elements-c4e35ccdcf48d638cddf1b57fa3d066e\" style=\"font-size:16px\">Personal data is kept confidential. Messages received through the contact form are stored in the company\u2019s email system, which is protected using generally accepted technical security measures (e.g., encrypted connections and password-protected devices).<\/p>\n\n\n\n<p class=\"has-white-color has-text-color has-link-color wp-elements-ff8c2136c431911db6c5df0f0f855647\" style=\"font-size:16px\">Personal data is not disclosed to external parties unless explicitly requested by the customer or required by law or a regulatory authority.<\/p>\n\n\n\n<p class=\"has-white-color has-text-color has-link-color wp-elements-b8777b6d99e261944d0d514c1303394c\" style=\"font-size:16px\">The data subject has the right to access the information concerning them and to request correction of any inaccurate data. The data subject also has the right to request the deletion of their data and to prohibit any direct marketing directed at their information (if such marketing were ever conducted).<\/p>\n\n\n\n<p class=\"has-white-color has-text-color has-link-color wp-elements-85967bd73aeff7e6d8bc749d1eb79683\" style=\"font-size:16px\">Requests for access, correction, or deletion must be made in writing via email and addressed to the person responsible for register matters. The data controller may, if necessary, ask the requester to verify their identity before disclosing or deleting any data.<\/p>\n\n\n\n<p class=\"has-white-color has-text-color has-link-color wp-elements-aa2fbb2be01991b1e8f7e77d33d6208f\" style=\"font-size:16px\">The data controller will respond to requests within the time frame specified by the EU General Data Protection Regulation (generally within one month).<\/p>\n\n\n\n<div style=\"height:40px\" aria-hidden=\"true\" class=\"wp-block-spacer\"><\/div>\n\n\n\n<h2 class=\"wp-block-heading has-text-color has-link-color wp-elements-c089594efc04ce10047d0d29fd68ff4d\" style=\"color:#e3c46f\">How long your data is retained?<\/h2>\n\n\n\n<p class=\"has-white-color has-text-color has-link-color wp-elements-8e4ea90346451bff62216dadad114b0d\" style=\"font-size:16px\">Information received through the contact form is sent to our email system. Data is retained only as long as necessary to handle the inquiry and resolve the matter, after which messages are deleted within a reasonable time. If this privacy policy does not answer your questions, please contact us.<\/p>\n\n\n\n<div style=\"height:100px\" aria-hidden=\"true\" class=\"wp-block-spacer\"><\/div>","protected":false},"excerpt":{"rendered":"<p>Tietosuojaseloste Rekisterinpit\u00e4j\u00e4 Mit\u00e4 henkil\u00f6tietoja ker\u00e4\u00e4mme ja miksi? Ker\u00e4\u00e4mme tietoa ainoastaan yhteydenottolomakkeen kautta. Yhteydenottolomakkeen kautta saamme tietoon nimenne, s\u00e4hk\u00f6postiosoitteen sek\u00e4 mahdollisen yrityksen nimen. K\u00e4yt\u00e4mme henkil\u00f6tietoja asiakassuhteen hoitoon ja asiakaspalveluun. Yhteydenottolomake Yhteydeottolomakkeella saamme tietoon henkil\u00f6n etunimen, sukunimen, s\u00e4hk\u00f6postin ja mahdollisen yrityksen nimen. S\u00e4\u00e4nn\u00f6nmukaiset tietol\u00e4hteet Tietoja hankitaan henkil\u00f6lt\u00e4 itselt\u00e4\u00e4n yhteydenottolomakkeen kautta. S\u00e4\u00e4nn\u00f6nmukaiset tietojen luovutukset ja tietojen siirto EU:n [&hellip;]<\/p>\n","protected":false},"author":3,"featured_media":0,"parent":0,"menu_order":0,"comment_status":"closed","ping_status":"closed","template":"","meta":{"_uag_custom_page_level_css":"","advgb_blocks_editor_width":"","advgb_blocks_columns_visual_guide":"","site-sidebar-layout":"default","site-content-layout":"","ast-site-content-layout":"default","site-content-style":"default","site-sidebar-style":"default","ast-global-header-display":"","ast-banner-title-visibility":"","ast-main-header-display":"","ast-hfb-above-header-display":"","ast-hfb-below-header-display":"","ast-hfb-mobile-header-display":"","site-post-title":"disabled","ast-breadcrumbs-content":"","ast-featured-img":"","footer-sml-layout":"","ast-disable-related-posts":"","theme-transparent-header-meta":"","adv-header-id-meta":"","stick-header-meta":"","header-above-stick-meta":"","header-main-stick-meta":"","header-below-stick-meta":"","astra-migrate-meta-layouts":"set","ast-page-background-enabled":"default","ast-page-background-meta":{"desktop":{"background-color":"var(--ast-global-color-4)","background-image":"","background-repeat":"repeat","background-position":"center center","background-size":"auto","background-attachment":"scroll","background-type":"","background-media":"","overlay-type":"","overlay-color":"","overlay-gradient":""},"tablet":{"background-color":"","background-image":"","background-repeat":"repeat","background-position":"center center","background-size":"auto","background-attachment":"scroll","background-type":"","background-media":"","overlay-type":"","overlay-color":"","overlay-gradient":""},"mobile":{"background-color":"","background-image":"","background-repeat":"repeat","background-position":"center center","background-size":"auto","background-attachment":"scroll","background-type":"","background-media":"","overlay-type":"","overlay-color":"","overlay-gradient":""}},"ast-content-background-meta":{"desktop":{"background-color":"var(--ast-global-color-5)","background-image":"","background-repeat":"repeat","background-position":"center center","background-size":"auto","background-attachment":"scroll","background-type":"","background-media":"","overlay-type":"","overlay-color":"","overlay-gradient":""},"tablet":{"background-color":"var(--ast-global-color-5)","background-image":"","background-repeat":"repeat","background-position":"center center","background-size":"auto","background-attachment":"scroll","background-type":"","background-media":"","overlay-type":"","overlay-color":"","overlay-gradient":""},"mobile":{"background-color":"var(--ast-global-color-5)","background-image":"","background-repeat":"repeat","background-position":"center center","background-size":"auto","background-attachment":"scroll","background-type":"","background-media":"","overlay-type":"","overlay-color":"","overlay-gradient":""}},"footnotes":""},"class_list":["post-501","page","type-page","status-publish","hentry"],"yoast_head":"<!-- This site is optimized with the Yoast SEO plugin v27.3 - https:\/\/yoast.com\/product\/yoast-seo-wordpress\/ -->\n<title>Tietosuojaseloste - DotHouse Oy<\/title>\n<meta name=\"description\" content=\"T\u00e4lt\u00e4 sivulta l\u00f6yd\u00e4t DotHouse Oy:n tietosuojaselosteen.\" \/>\n<meta name=\"robots\" content=\"index, follow, max-snippet:-1, max-image-preview:large, max-video-preview:-1\" \/>\n<link rel=\"canonical\" href=\"https:\/\/www.dothouse.fi\/en\/tietosuojaseloste\/\" \/>\n<meta property=\"og:locale\" content=\"en_GB\" \/>\n<meta property=\"og:type\" content=\"article\" \/>\n<meta property=\"og:title\" content=\"Tietosuojaseloste - DotHouse Oy\" \/>\n<meta property=\"og:description\" content=\"T\u00e4lt\u00e4 sivulta l\u00f6yd\u00e4t DotHouse Oy:n tietosuojaselosteen.\" \/>\n<meta property=\"og:url\" content=\"https:\/\/www.dothouse.fi\/en\/tietosuojaseloste\/\" \/>\n<meta property=\"og:site_name\" content=\"DotHouse Oy\" \/>\n<meta property=\"article:modified_time\" content=\"2026-02-16T10:37:48+00:00\" \/>\n<meta name=\"twitter:card\" content=\"summary_large_image\" \/>\n<meta name=\"twitter:label1\" content=\"Estimated reading time\" \/>\n\t<meta name=\"twitter:data1\" content=\"2 minutes\" \/>\n<script type=\"application\/ld+json\" class=\"yoast-schema-graph\">{\"@context\":\"https:\\\/\\\/schema.org\",\"@graph\":[{\"@type\":\"WebPage\",\"@id\":\"https:\\\/\\\/www.dothouse.fi\\\/tietosuojaseloste\\\/\",\"url\":\"https:\\\/\\\/www.dothouse.fi\\\/tietosuojaseloste\\\/\",\"name\":\"Tietosuojaseloste - DotHouse Oy\",\"isPartOf\":{\"@id\":\"https:\\\/\\\/www.dothouse.fi\\\/#website\"},\"datePublished\":\"2026-02-16T10:23:49+00:00\",\"dateModified\":\"2026-02-16T10:37:48+00:00\",\"description\":\"T\u00e4lt\u00e4 sivulta l\u00f6yd\u00e4t DotHouse Oy:n tietosuojaselosteen.\",\"breadcrumb\":{\"@id\":\"https:\\\/\\\/www.dothouse.fi\\\/tietosuojaseloste\\\/#breadcrumb\"},\"inLanguage\":\"en-GB\",\"potentialAction\":[{\"@type\":\"ReadAction\",\"target\":[\"https:\\\/\\\/www.dothouse.fi\\\/tietosuojaseloste\\\/\"]}]},{\"@type\":\"BreadcrumbList\",\"@id\":\"https:\\\/\\\/www.dothouse.fi\\\/tietosuojaseloste\\\/#breadcrumb\",\"itemListElement\":[{\"@type\":\"ListItem\",\"position\":1,\"name\":\"Etusivu\",\"item\":\"https:\\\/\\\/www.dothouse.fi\\\/\"},{\"@type\":\"ListItem\",\"position\":2,\"name\":\"Tietosuojaseloste\"}]},{\"@type\":\"WebSite\",\"@id\":\"https:\\\/\\\/www.dothouse.fi\\\/#website\",\"url\":\"https:\\\/\\\/www.dothouse.fi\\\/\",\"name\":\"DotHouse Oy\",\"description\":\"\",\"potentialAction\":[{\"@type\":\"SearchAction\",\"target\":{\"@type\":\"EntryPoint\",\"urlTemplate\":\"https:\\\/\\\/www.dothouse.fi\\\/?s={search_term_string}\"},\"query-input\":{\"@type\":\"PropertyValueSpecification\",\"valueRequired\":true,\"valueName\":\"search_term_string\"}}],\"inLanguage\":\"en-GB\"}]}<\/script>\n<!-- \/ Yoast SEO plugin. -->","yoast_head_json":{"title":"Tietosuojaseloste - DotHouse Oy","description":"T\u00e4lt\u00e4 sivulta l\u00f6yd\u00e4t DotHouse Oy:n tietosuojaselosteen.","robots":{"index":"index","follow":"follow","max-snippet":"max-snippet:-1","max-image-preview":"max-image-preview:large","max-video-preview":"max-video-preview:-1"},"canonical":"https:\/\/www.dothouse.fi\/en\/tietosuojaseloste\/","og_locale":"en_GB","og_type":"article","og_title":"Tietosuojaseloste - DotHouse Oy","og_description":"T\u00e4lt\u00e4 sivulta l\u00f6yd\u00e4t DotHouse Oy:n tietosuojaselosteen.","og_url":"https:\/\/www.dothouse.fi\/en\/tietosuojaseloste\/","og_site_name":"DotHouse Oy","article_modified_time":"2026-02-16T10:37:48+00:00","twitter_card":"summary_large_image","twitter_misc":{"Estimated reading time":"2 minutes"},"schema":{"@context":"https:\/\/schema.org","@graph":[{"@type":"WebPage","@id":"https:\/\/www.dothouse.fi\/tietosuojaseloste\/","url":"https:\/\/www.dothouse.fi\/tietosuojaseloste\/","name":"Tietosuojaseloste - DotHouse Oy","isPartOf":{"@id":"https:\/\/www.dothouse.fi\/#website"},"datePublished":"2026-02-16T10:23:49+00:00","dateModified":"2026-02-16T10:37:48+00:00","description":"T\u00e4lt\u00e4 sivulta l\u00f6yd\u00e4t DotHouse Oy:n tietosuojaselosteen.","breadcrumb":{"@id":"https:\/\/www.dothouse.fi\/tietosuojaseloste\/#breadcrumb"},"inLanguage":"en-GB","potentialAction":[{"@type":"ReadAction","target":["https:\/\/www.dothouse.fi\/tietosuojaseloste\/"]}]},{"@type":"BreadcrumbList","@id":"https:\/\/www.dothouse.fi\/tietosuojaseloste\/#breadcrumb","itemListElement":[{"@type":"ListItem","position":1,"name":"Etusivu","item":"https:\/\/www.dothouse.fi\/"},{"@type":"ListItem","position":2,"name":"Tietosuojaseloste"}]},{"@type":"WebSite","@id":"https:\/\/www.dothouse.fi\/#website","url":"https:\/\/www.dothouse.fi\/","name":"DotHouse Oy","description":"","potentialAction":[{"@type":"SearchAction","target":{"@type":"EntryPoint","urlTemplate":"https:\/\/www.dothouse.fi\/?s={search_term_string}"},"query-input":{"@type":"PropertyValueSpecification","valueRequired":true,"valueName":"search_term_string"}}],"inLanguage":"en-GB"}]}},"uagb_featured_image_src":{"full":false,"thumbnail":false,"medium":false,"medium_large":false,"large":false,"1536x1536":false,"2048x2048":false,"trp-custom-language-flag":false},"uagb_author_info":{"display_name":"sakari","author_link":"https:\/\/www.dothouse.fi\/en\/author\/sakari\/"},"uagb_comment_info":0,"uagb_excerpt":"Tietosuojaseloste Rekisterinpit\u00e4j\u00e4 Mit\u00e4 henkil\u00f6tietoja ker\u00e4\u00e4mme ja miksi? Ker\u00e4\u00e4mme tietoa ainoastaan yhteydenottolomakkeen kautta. Yhteydenottolomakkeen kautta saamme tietoon nimenne, s\u00e4hk\u00f6postiosoitteen sek\u00e4 mahdollisen yrityksen nimen. K\u00e4yt\u00e4mme henkil\u00f6tietoja asiakassuhteen hoitoon ja asiakaspalveluun. Yhteydenottolomake Yhteydeottolomakkeella saamme tietoon henkil\u00f6n etunimen, sukunimen, s\u00e4hk\u00f6postin ja mahdollisen yrityksen nimen. S\u00e4\u00e4nn\u00f6nmukaiset tietol\u00e4hteet Tietoja hankitaan henkil\u00f6lt\u00e4 itselt\u00e4\u00e4n yhteydenottolomakkeen kautta. S\u00e4\u00e4nn\u00f6nmukaiset tietojen luovutukset ja tietojen siirto EU:n&hellip;","coauthors":[],"author_meta":{"author_link":"https:\/\/www.dothouse.fi\/en\/author\/sakari\/","display_name":"sakari"},"relative_dates":{"created":"Posted 2 months ago","modified":"Updated 2 months ago"},"absolute_dates":{"created":"Posted on 16.2.2026","modified":"Updated on 16.2.2026"},"absolute_dates_time":{"created":"Posted on 16.2.2026 12:23","modified":"Updated on 16.2.2026 12:37"},"featured_img_caption":"","featured_img":false,"series_order":"","_links":{"self":[{"href":"https:\/\/www.dothouse.fi\/en\/wp-json\/wp\/v2\/pages\/501","targetHints":{"allow":["GET"]}}],"collection":[{"href":"https:\/\/www.dothouse.fi\/en\/wp-json\/wp\/v2\/pages"}],"about":[{"href":"https:\/\/www.dothouse.fi\/en\/wp-json\/wp\/v2\/types\/page"}],"author":[{"embeddable":true,"href":"https:\/\/www.dothouse.fi\/en\/wp-json\/wp\/v2\/users\/3"}],"replies":[{"embeddable":true,"href":"https:\/\/www.dothouse.fi\/en\/wp-json\/wp\/v2\/comments?post=501"}],"version-history":[{"count":9,"href":"https:\/\/www.dothouse.fi\/en\/wp-json\/wp\/v2\/pages\/501\/revisions"}],"predecessor-version":[{"id":510,"href":"https:\/\/www.dothouse.fi\/en\/wp-json\/wp\/v2\/pages\/501\/revisions\/510"}],"wp:attachment":[{"href":"https:\/\/www.dothouse.fi\/en\/wp-json\/wp\/v2\/media?parent=501"}],"curies":[{"name":"wp","href":"https:\/\/api.w.org\/{rel}","templated":true}]}}